{"id":23526,"date":"2015-09-11T07:38:53","date_gmt":"2015-09-11T07:38:53","guid":{"rendered":"http:\/\/blueowlcreative.com\/wp\/fortuna_export\/?page_id=23526"},"modified":"2025-07-17T09:46:08","modified_gmt":"2025-07-17T12:46:08","slug":"contato","status":"publish","type":"page","link":"https:\/\/agenciabear.com.br\/?page_id=23526","title":{"rendered":"Contato &#8211; Ag\u00eancia Bear"},"content":{"rendered":"<p>[et_pb_section fb_built=&#8221;1&#8243; _builder_version=&#8221;4.16&#8243; _module_preset=&#8221;default&#8221; background_color=&#8221;#f7f3d0&#8243; background_image=&#8221;https:\/\/agenciabear.com.br\/wp-content\/uploads\/2017\/08\/template-02-scaled.jpg&#8221; background_size=&#8221;contain&#8221; background_position=&#8221;top_right&#8221; min_height=&#8221;797.6px&#8221; min_height_tablet=&#8221;&#8221; min_height_phone=&#8221;&#8221; min_height_last_edited=&#8221;on|phone&#8221; custom_margin_tablet=&#8221;&#8221; custom_margin_phone=&#8221;||0px||false|false&#8221; custom_margin_last_edited=&#8221;on|phone&#8221; custom_padding=&#8221;2px||0px||false|false&#8221; locked=&#8221;off&#8221; global_colors_info=&#8221;{}&#8221;][et_pb_row _builder_version=&#8221;4.16&#8243; _module_preset=&#8221;default&#8221; min_height=&#8221;752.7px&#8221; custom_padding=&#8221;33px||0px|||&#8221; animation_style=&#8221;bounce&#8221; locked=&#8221;off&#8221; global_colors_info=&#8221;{}&#8221;][et_pb_column type=&#8221;4_4&#8243; _builder_version=&#8221;4.16&#8243; _module_preset=&#8221;default&#8221; global_colors_info=&#8221;{}&#8221;][et_pb_text _builder_version=&#8221;4.16&#8243; _module_preset=&#8221;a14a3070-0f27-4166-b303-92f53a7af324&#8243; text_font=&#8221;Montserrat|700|||||||&#8221; header_2_font=&#8221;Candal||||||||&#8221; header_2_text_color=&#8221;#FFFFFF&#8221; header_2_font_size=&#8221;42px&#8221; header_2_line_height=&#8221;1.2em&#8221; background_layout=&#8221;dark&#8221; width=&#8221;60.3%&#8221; custom_margin=&#8221;-4px||-12px||false|false&#8221; header_2_font_size_tablet=&#8221;30px&#8221; header_2_font_size_phone=&#8221;20px&#8221; header_2_font_size_last_edited=&#8221;on|tablet&#8221; locked=&#8221;off&#8221; inline_fonts=&#8221;Montserrat&#8221; global_colors_info=&#8221;{}&#8221;]<\/p>\n<h2 style=\"text-align: left;\"><span style=\"color: #f4ad31;\"><strong><span style=\"font-family: Montserrat;\"><span style=\"color: #888888;\">&lt;VAMOS CONVERSAR<\/span><br \/>\n<span style=\"color: #ffba61;\">SOBRE O SEU MARKETING?&gt;<\/span><\/span><\/strong><\/span><\/h2>\n<p>[\/et_pb_text][et_pb_contact_form captcha=&#8221;off&#8221; email=&#8221;atendimento@agenciabear.com.br&#8221; success_message=&#8221;Mensagem enviada com sucesso!&#8221; submit_button_text=&#8221;Enviar&#8221; module_id=&#8221;formulario&#8221; _builder_version=&#8221;4.27.4&#8243; _module_preset=&#8221;default&#8221; _unique_id=&#8221;b38fc3a3-b579-4782-b18b-63cfbd1d4d59&#8243; form_field_background_color=&#8221;#FFFFFF&#8221; form_field_text_color=&#8221;#000000&#8243; form_field_font=&#8221;Montserrat|500|||||||&#8221; form_field_font_size=&#8221;14px&#8221; form_field_line_height=&#8221;1.8em&#8221; button_icon=&#8221;&#x35;||divi||400&#8243; width=&#8221;100%&#8221; max_width=&#8221;510px&#8221; min_height=&#8221;593px&#8221; height=&#8221;100px&#8221; max_height=&#8221;1000px&#8221; custom_margin=&#8221;17px||0px||false|false&#8221; custom_padding=&#8221;||3px||false|false&#8221; hover_enabled=&#8221;0&#8243; form_field_font_size_tablet=&#8221;15px&#8221; form_field_font_size_phone=&#8221;14px&#8221; form_field_font_size_last_edited=&#8221;off|desktop&#8221; button_text_size_tablet=&#8221;16px&#8221; button_text_size_phone=&#8221;14px&#8221; button_text_size_last_edited=&#8221;on|phone&#8221; global_module=&#8221;25471&#8243; saved_tabs=&#8221;all&#8221; locked=&#8221;off&#8221; global_colors_info=&#8221;{%22gcid-4c9f8c69-e62a-4e14-bb32-145422a2042a%22:%91%93,%22gcid-829e0644-2604-442b-87e9-fc4cf40a6edd%22:%91%93,%22gcid-daeb8535-99f8-4a2f-a8d3-70a89c9e4786%22:%91%93}&#8221; sticky_enabled=&#8221;0&#8243;][et_pb_contact_field field_id=&#8221;Nome&#8221; field_title=&#8221;Nome&#8221; fullwidth_field=&#8221;on&#8221; _builder_version=&#8221;4.24.2&#8243; form_field_text_color=&#8221;#5E5E5E&#8221; form_field_font_size=&#8221;14px&#8221; form_field_line_height=&#8221;1em&#8221; width=&#8221;100%&#8221; custom_margin=&#8221;0px||||false|false&#8221; custom_padding=&#8221;1px||||false|false&#8221; global_colors_info=&#8221;{%22gcid-c215435e-cb96-49d5-a0c6-0e162feb2846%22:%91%22form_field_text_color%22%93}&#8221; button_one_text_size__hover_enabled=&#8221;off&#8221; button_two_text_size__hover_enabled=&#8221;off&#8221; button_one_text_color__hover_enabled=&#8221;off&#8221; button_two_text_color__hover_enabled=&#8221;off&#8221; button_one_border_width__hover_enabled=&#8221;off&#8221; button_two_border_width__hover_enabled=&#8221;off&#8221; button_one_border_color__hover_enabled=&#8221;off&#8221; button_two_border_color__hover_enabled=&#8221;off&#8221; button_border_radius__hover_enabled=&#8221;off&#8221; button_one_border_radius__hover_enabled=&#8221;off&#8221; button_two_border_radius__hover_enabled=&#8221;off&#8221; button_letter_spacing__hover_enabled=&#8221;off&#8221; button_one_letter_spacing__hover_enabled=&#8221;off&#8221; button_two_letter_spacing__hover_enabled=&#8221;off&#8221; button_one_bg_color__hover_enabled=&#8221;off&#8221; button_two_bg_color__hover_enabled=&#8221;off&#8221;][\/et_pb_contact_field][et_pb_contact_field field_id=&#8221;Email&#8221; field_title=&#8221;Email &#8221; field_type=&#8221;email&#8221; _builder_version=&#8221;4.16&#8243; form_field_text_color=&#8221;#5E5E5E&#8221; form_field_line_height=&#8221;1em&#8221; global_colors_info=&#8221;{%22gcid-c215435e-cb96-49d5-a0c6-0e162feb2846%22:%91%22form_field_text_color%22%93}&#8221; button_one_text_size__hover_enabled=&#8221;off&#8221; button_two_text_size__hover_enabled=&#8221;off&#8221; button_one_text_color__hover_enabled=&#8221;off&#8221; button_two_text_color__hover_enabled=&#8221;off&#8221; button_one_border_width__hover_enabled=&#8221;off&#8221; button_two_border_width__hover_enabled=&#8221;off&#8221; button_one_border_color__hover_enabled=&#8221;off&#8221; button_two_border_color__hover_enabled=&#8221;off&#8221; button_border_radius__hover_enabled=&#8221;off&#8221; button_one_border_radius__hover_enabled=&#8221;off&#8221; button_two_border_radius__hover_enabled=&#8221;off&#8221; button_letter_spacing__hover_enabled=&#8221;off&#8221; button_one_letter_spacing__hover_enabled=&#8221;off&#8221; button_two_letter_spacing__hover_enabled=&#8221;off&#8221; button_one_bg_color__hover_enabled=&#8221;off&#8221; button_two_bg_color__hover_enabled=&#8221;off&#8221;][\/et_pb_contact_field][et_pb_contact_field field_id=&#8221;Telefone&#8221; field_title=&#8221;Telefone&#8221; _builder_version=&#8221;4.16&#8243; form_field_text_color=&#8221;#5E5E5E&#8221; form_field_line_height=&#8221;1em&#8221; global_colors_info=&#8221;{%22gcid-c215435e-cb96-49d5-a0c6-0e162feb2846%22:%91%22form_field_text_color%22%93}&#8221; button_one_text_size__hover_enabled=&#8221;off&#8221; button_two_text_size__hover_enabled=&#8221;off&#8221; button_one_text_color__hover_enabled=&#8221;off&#8221; button_two_text_color__hover_enabled=&#8221;off&#8221; button_one_border_width__hover_enabled=&#8221;off&#8221; button_two_border_width__hover_enabled=&#8221;off&#8221; button_one_border_color__hover_enabled=&#8221;off&#8221; button_two_border_color__hover_enabled=&#8221;off&#8221; button_border_radius__hover_enabled=&#8221;off&#8221; button_one_border_radius__hover_enabled=&#8221;off&#8221; button_two_border_radius__hover_enabled=&#8221;off&#8221; button_letter_spacing__hover_enabled=&#8221;off&#8221; button_one_letter_spacing__hover_enabled=&#8221;off&#8221; button_two_letter_spacing__hover_enabled=&#8221;off&#8221; button_one_bg_color__hover_enabled=&#8221;off&#8221; button_two_bg_color__hover_enabled=&#8221;off&#8221;][\/et_pb_contact_field][et_pb_contact_field field_id=&#8221;Institui\u00e7\u00e3o_de_Ensino\/Empresa&#8221; field_title=&#8221; Institui\u00e7\u00e3o de Ensino\/Empresa&#8221; fullwidth_field=&#8221;on&#8221; _builder_version=&#8221;4.16&#8243; form_field_text_color=&#8221;#5E5E5E&#8221; form_field_line_height=&#8221;1em&#8221; global_colors_info=&#8221;{%22gcid-c215435e-cb96-49d5-a0c6-0e162feb2846%22:%91%22form_field_text_color%22%93}&#8221; button_one_text_size__hover_enabled=&#8221;off&#8221; button_two_text_size__hover_enabled=&#8221;off&#8221; button_one_text_color__hover_enabled=&#8221;off&#8221; button_two_text_color__hover_enabled=&#8221;off&#8221; button_one_border_width__hover_enabled=&#8221;off&#8221; button_two_border_width__hover_enabled=&#8221;off&#8221; button_one_border_color__hover_enabled=&#8221;off&#8221; button_two_border_color__hover_enabled=&#8221;off&#8221; button_border_radius__hover_enabled=&#8221;off&#8221; button_one_border_radius__hover_enabled=&#8221;off&#8221; button_two_border_radius__hover_enabled=&#8221;off&#8221; button_letter_spacing__hover_enabled=&#8221;off&#8221; button_one_letter_spacing__hover_enabled=&#8221;off&#8221; button_two_letter_spacing__hover_enabled=&#8221;off&#8221; button_one_bg_color__hover_enabled=&#8221;off&#8221; button_two_bg_color__hover_enabled=&#8221;off&#8221;][\/et_pb_contact_field][et_pb_contact_field field_id=&#8221;Selecione_o_assunto&#8221; field_title=&#8221;Selecione o assunto &#8221; field_type=&#8221;select&#8221; select_options=&#8221;%91{%22dragID%22:9,%22value%22:%22Campanha de Matr\u00edcula%22,%22checked%22:0},{%22dragID%22:10,%22value%22:%22Marketing Digital%22,%22checked%22:0},{%22dragID%22:11,%22value%22:%22Pesquisas%22,%22checked%22:0},{%22value%22:%22Endomarketing%22,%22checked%22:0,%22dragID%22:12},{%22value%22:%22Branding%22,%22checked%22:0,%22dragID%22:13},{%22value%22:%22Web%22,%22checked%22:0,%22dragID%22:14},{%22value%22:%22Eventos%22,%22checked%22:0,%22dragID%22:15},{%22value%22:%22Treinamentos%22,%22checked%22:0,%22dragID%22:16},{%22value%22:%22Pocket Bear.%22,%22checked%22:0,%22dragID%22:17}%93&#8243; fullwidth_field=&#8221;on&#8221; _builder_version=&#8221;4.24.1&#8243; form_field_text_color=&#8221;#5E5E5E&#8221; form_field_line_height=&#8221;1em&#8221; global_colors_info=&#8221;{%22gcid-c215435e-cb96-49d5-a0c6-0e162feb2846%22:%91%22form_field_text_color%22%93}&#8221; button_one_text_size__hover_enabled=&#8221;off&#8221; button_two_text_size__hover_enabled=&#8221;off&#8221; button_one_text_color__hover_enabled=&#8221;off&#8221; button_two_text_color__hover_enabled=&#8221;off&#8221; button_one_border_width__hover_enabled=&#8221;off&#8221; button_two_border_width__hover_enabled=&#8221;off&#8221; button_one_border_color__hover_enabled=&#8221;off&#8221; button_two_border_color__hover_enabled=&#8221;off&#8221; button_border_radius__hover_enabled=&#8221;off&#8221; button_one_border_radius__hover_enabled=&#8221;off&#8221; button_two_border_radius__hover_enabled=&#8221;off&#8221; button_letter_spacing__hover_enabled=&#8221;off&#8221; button_one_letter_spacing__hover_enabled=&#8221;off&#8221; button_two_letter_spacing__hover_enabled=&#8221;off&#8221; button_one_bg_color__hover_enabled=&#8221;off&#8221; button_two_bg_color__hover_enabled=&#8221;off&#8221;][\/et_pb_contact_field][et_pb_contact_field field_id=&#8221;Como_podemos_te_ajudar_a_crescer?&#8221; field_title=&#8221;Como podemos te ajudar a crescer?&#8221; field_type=&#8221;text&#8221; fullwidth_field=&#8221;on&#8221; _builder_version=&#8221;4.16&#8243; form_field_text_color=&#8221;#5E5E5E&#8221; form_field_line_height=&#8221;1em&#8221; width=&#8221;100%&#8221; min_height=&#8221;1000px&#8221; global_colors_info=&#8221;{%22gcid-c215435e-cb96-49d5-a0c6-0e162feb2846%22:%91%22form_field_text_color%22%93}&#8221; button_one_text_size__hover_enabled=&#8221;off&#8221; button_two_text_size__hover_enabled=&#8221;off&#8221; button_one_text_color__hover_enabled=&#8221;off&#8221; button_two_text_color__hover_enabled=&#8221;off&#8221; button_one_border_width__hover_enabled=&#8221;off&#8221; button_two_border_width__hover_enabled=&#8221;off&#8221; button_one_border_color__hover_enabled=&#8221;off&#8221; button_two_border_color__hover_enabled=&#8221;off&#8221; button_border_radius__hover_enabled=&#8221;off&#8221; button_one_border_radius__hover_enabled=&#8221;off&#8221; button_two_border_radius__hover_enabled=&#8221;off&#8221; button_letter_spacing__hover_enabled=&#8221;off&#8221; button_one_letter_spacing__hover_enabled=&#8221;off&#8221; button_two_letter_spacing__hover_enabled=&#8221;off&#8221; button_one_bg_color__hover_enabled=&#8221;off&#8221; button_two_bg_color__hover_enabled=&#8221;off&#8221;][\/et_pb_contact_field][et_pb_contact_field field_id=&#8221;Pol\u00edtica_de_Privacidade&#8221; field_title=&#8221;Pol\u00edtica de Privacidade&#8221; field_type=&#8221;checkbox&#8221; checkbox_options=&#8221;%91{%22value%22:%22Li e aceito as Pol\u00edticas de Privacidade%22,%22checked%22:0,%22dragID%22:-1}%93&#8243; fullwidth_field=&#8221;on&#8221; _builder_version=&#8221;4.16&#8243; _module_preset=&#8221;default&#8221; global_colors_info=&#8221;{}&#8221;][\/et_pb_contact_field][\/et_pb_contact_form][et_pb_blurb title=&#8221;Fale com a Bear pelo WhatsApp&#8221; url=&#8221;https:\/\/api.whatsapp.com\/send?phone=5511963803606&#038;text=Ol%C3%A1%20Ag%C3%AAncia%20Bear.,%20tudo%20bem?Visitei%20seu%20site%20e%20gostaria%20de%20mais%20informa%C3%A7%C3%B5es%20sobre:&#8221; url_new_window=&#8221;on&#8221; image=&#8221;https:\/\/agenciabear.com.br\/wp-content\/uploads\/2023\/07\/whatsapp.png&#8221; alt=&#8221;WhatsApp&#8221; icon_placement=&#8221;left&#8221; _builder_version=&#8221;4.26.1&#8243; _module_preset=&#8221;default&#8221; custom_padding=&#8221;||33px|||&#8221; link_option_url=&#8221;https:\/\/api.whatsapp.com\/send?phone=5511963803606&#038;text=Ol%C3%A1%20Ag%C3%AAncia%20Bear.,%20tudo%20bem?%0A%0AVisitei%20seu%20site%20e%20gostaria%20de%20mais%20informa%C3%A7%C3%B5es%20sobre:&#8221; link_option_url_new_window=&#8221;on&#8221; global_colors_info=&#8221;{}&#8221;]<\/p>\n<p><a href=\"https:\/\/api.whatsapp.com\/send?phone=+5511963803606&amp;text=Ol%C3%A1%20Ag%C3%AAncia%20Bear.,%20tudo%20bem?%0A%0AVisitei%20seu%20site%20e%20gostaria%20de%20mais%20informa%C3%A7%C3%B5es%20sobre:\" target=\"_blank\" rel=\"noopener\">Clique aqui.<\/a><\/p>\n<p>[\/et_pb_blurb][\/et_pb_column][\/et_pb_row][\/et_pb_section]<\/p>\n","protected":false},"excerpt":{"rendered":"<p>&lt;VAMOS CONVERSAR SOBRE O SEU MARKETING?&gt;Clique aqui.<\/p>\n","protected":false},"author":1,"featured_media":0,"parent":0,"menu_order":0,"comment_status":"closed","ping_status":"closed","template":"","meta":{"_et_pb_use_builder":"on","_et_pb_old_content":"[vc_row full_width=\"stretch_row_content_no_spaces\" css=\".vc_custom_1441640048626{margin-bottom: 0px !important;}\"][vc_column width=\"1\/2\"][boc_gmap height=\"720\" api_key=\"AIzaSyAQxWnqN-kkIHJKwFZWpXACk62kOh7Hbz8\" marker=\"yes\" infowindow=\"Rua Professor At\u00edlio Innocenti, 165 - Vila Nova Concei\u00e7\u00e3o, S\u00e3o Paulo - SP\" colorscheme=\"5\" address=\"Rua Mathilde S\u00e1 Barbosa, 96 - Luz - S\u00e3o Paulo\/SP\"][\/vc_column][vc_column width=\"1\/2\" css=\".vc_custom_1441716596297{padding-top: 3% !important;padding-right: 6% !important;padding-bottom: 3% !important;padding-left: 6% !important;}\"][boc_spacing height=\"30px\"][boc_heading color=\"#333333\" font_size=\"32px\"]Contato[\/boc_heading][boc_spacing height=\"10px\"][contact-form-7 id=\"24300\"][boc_spacing][\/vc_column][\/vc_row][vc_row][vc_column][\/vc_column][\/vc_row]","_et_gb_content_width":"","footnotes":""},"class_list":["post-23526","page","type-page","status-publish","hentry"],"_links":{"self":[{"href":"https:\/\/agenciabear.com.br\/index.php?rest_route=\/wp\/v2\/pages\/23526","targetHints":{"allow":["GET"]}}],"collection":[{"href":"https:\/\/agenciabear.com.br\/index.php?rest_route=\/wp\/v2\/pages"}],"about":[{"href":"https:\/\/agenciabear.com.br\/index.php?rest_route=\/wp\/v2\/types\/page"}],"author":[{"embeddable":true,"href":"https:\/\/agenciabear.com.br\/index.php?rest_route=\/wp\/v2\/users\/1"}],"replies":[{"embeddable":true,"href":"https:\/\/agenciabear.com.br\/index.php?rest_route=%2Fwp%2Fv2%2Fcomments&post=23526"}],"version-history":[{"count":52,"href":"https:\/\/agenciabear.com.br\/index.php?rest_route=\/wp\/v2\/pages\/23526\/revisions"}],"predecessor-version":[{"id":32726,"href":"https:\/\/agenciabear.com.br\/index.php?rest_route=\/wp\/v2\/pages\/23526\/revisions\/32726"}],"wp:attachment":[{"href":"https:\/\/agenciabear.com.br\/index.php?rest_route=%2Fwp%2Fv2%2Fmedia&parent=23526"}],"curies":[{"name":"wp","href":"https:\/\/api.w.org\/{rel}","templated":true}]}}