{"id":25658,"date":"2021-03-27T11:18:27","date_gmt":"2021-03-27T14:18:27","guid":{"rendered":"https:\/\/agenciabear.bepanda.com.br\/?page_id=25658"},"modified":"2021-06-25T11:51:28","modified_gmt":"2021-06-25T14:51:28","slug":"ebooks","status":"publish","type":"page","link":"https:\/\/agenciabear.com.br\/?page_id=25658","title":{"rendered":"Ebook"},"content":{"rendered":"<p>[et_pb_section fb_built=&#8221;1&#8243; _builder_version=&#8221;4.9.2&#8243; _module_preset=&#8221;default&#8221; background_enable_image=&#8221;off&#8221; custom_padding=&#8221;2px||79px|||&#8221;][et_pb_row _builder_version=&#8221;4.9.2&#8243; _module_preset=&#8221;default&#8221; custom_padding=&#8221;||3px|||&#8221;][et_pb_column type=&#8221;4_4&#8243; _builder_version=&#8221;4.9.2&#8243; _module_preset=&#8221;default&#8221;][et_pb_text _builder_version=&#8221;4.9.2&#8243; _module_preset=&#8221;a14a3070-0f27-4166-b303-92f53a7af324&#8243; text_font=&#8221;Montserrat|700|||||||&#8221; header_2_font=&#8221;Candal||||||||&#8221; header_2_text_color=&#8221;#FFFFFF&#8221; header_2_font_size=&#8221;42px&#8221; header_2_line_height=&#8221;1.2em&#8221; text_orientation=&#8221;center&#8221; background_layout=&#8221;dark&#8221; custom_margin=&#8221;-3px||10px||false|false&#8221; animation_style=&#8221;slide&#8221; header_2_font_size_tablet=&#8221;30px&#8221; header_2_font_size_phone=&#8221;20px&#8221; header_2_font_size_last_edited=&#8221;on|tablet&#8221; locked=&#8221;off&#8221; inline_fonts=&#8221;Montserrat&#8221;]<\/p>\n<h2 style=\"text-align: center;\"><span style=\"color: #f4ad31;\"><strong><span style=\"font-family: Montserrat;\"><span style=\"color: #888888;\">&lt;CONHE\u00c7A <br \/><\/span><span style=\"color: #ffba61;\">NOSSOS E-BOOKS&gt;<\/span><\/span><\/strong><\/span><\/h2>\n<p>[\/et_pb_text][\/et_pb_column][\/et_pb_row][et_pb_row column_structure=&#8221;1_3,1_3,1_3&#8243; _builder_version=&#8221;4.9.2&#8243; _module_preset=&#8221;default&#8221;][et_pb_column type=&#8221;1_3&#8243; _builder_version=&#8221;4.9.2&#8243; _module_preset=&#8221;default&#8221;][et_pb_image src=&#8221;http:\/\/agenciabear.com.br\/wp-content\/uploads\/2021\/05\/Ebook.jpg&#8221; title_text=&#8221;Ebook&#8221; url=&#8221;http:\/\/agenciabear.com.br\/conteudo\/e-book-um-guia-para-voce-estar-no-caminho-certo-e-fazer-sua-instituicao-crescer\/&#8221; _builder_version=&#8221;4.9.2&#8243; _module_preset=&#8221;default&#8221;][\/et_pb_image][et_pb_text _builder_version=&#8221;4.9.2&#8243; _module_preset=&#8221;37ecd0c5-bb26-4380-8165-01e95e02d8be&#8221; text_text_color=&#8221;gcid-4c9f8c69-e62a-4e14-bb32-145422a2042a&#8221; text_font_size=&#8221;20px&#8221; header_3_font=&#8221;Candal||||||||&#8221; header_3_text_color=&#8221;#000000&#8243; header_3_line_height=&#8221;1.2em&#8221; text_orientation=&#8221;center&#8221; background_layout=&#8221;dark&#8221; custom_margin=&#8221;||10px||false|false&#8221; animation_style=&#8221;slide&#8221; header_3_font_size_tablet=&#8221;20px&#8221; header_3_font_size_phone=&#8221;16px&#8221; header_3_font_size_last_edited=&#8221;on|desktop&#8221; header_3_line_height_tablet=&#8221;&#8221; header_3_line_height_phone=&#8221;1.4em&#8221; header_3_line_height_last_edited=&#8221;on|phone&#8221; locked=&#8221;off&#8221; global_colors_info=&#8221;{%22gcid-4c9f8c69-e62a-4e14-bb32-145422a2042a%22:%91%22text_text_color%22%93}&#8221;]<\/p>\n<p><i><span style=\"font-weight: 400;\"><strong>E-book<\/strong> Entregue a melhor comunica\u00e7\u00e3o para seus futuros alunos<\/span><\/i><\/p>\n<p>[\/et_pb_text][et_pb_button button_url=&#8221;http:\/\/agenciabear.com.br\/conteudo\/e-book-um-guia-para-voce-estar-no-caminho-certo-e-fazer-sua-instituicao-crescer\/&#8221; button_text=&#8221;Fa\u00e7a download&#8221; button_alignment=&#8221;center&#8221; _builder_version=&#8221;4.9.2&#8243; _module_preset=&#8221;default&#8221; custom_button=&#8221;on&#8221; button_text_size=&#8221;15px&#8221; button_border_width=&#8221;6px&#8221; button_border_radius=&#8221;48px&#8221;][\/et_pb_button][\/et_pb_column][et_pb_column type=&#8221;1_3&#8243; _builder_version=&#8221;4.9.2&#8243; _module_preset=&#8221;default&#8221;][\/et_pb_column][et_pb_column type=&#8221;1_3&#8243; _builder_version=&#8221;4.9.2&#8243; _module_preset=&#8221;default&#8221;][\/et_pb_column][\/et_pb_row][\/et_pb_section][et_pb_section fb_built=&#8221;1&#8243; _builder_version=&#8221;4.9.2&#8243; _module_preset=&#8221;default&#8221; background_color=&#8221;#f7f3d0&#8243; background_image=&#8221;http:\/\/agenciabear.com.br\/wp-content\/uploads\/2017\/08\/template-02-scaled.jpg&#8221; background_size=&#8221;contain&#8221; background_position=&#8221;top_right&#8221; min_height=&#8221;804.6px&#8221; custom_padding=&#8221;2px||1px|||&#8221; locked=&#8221;off&#8221;][et_pb_row _builder_version=&#8221;4.9.2&#8243; _module_preset=&#8221;default&#8221; min_height=&#8221;752.7px&#8221; custom_padding=&#8221;||0px|||&#8221; locked=&#8221;off&#8221;][et_pb_column type=&#8221;4_4&#8243; _builder_version=&#8221;4.9.2&#8243; _module_preset=&#8221;default&#8221;][et_pb_text _builder_version=&#8221;4.9.2&#8243; _module_preset=&#8221;a14a3070-0f27-4166-b303-92f53a7af324&#8243; text_font=&#8221;Montserrat|700|||||||&#8221; header_2_font=&#8221;Candal||||||||&#8221; header_2_text_color=&#8221;#FFFFFF&#8221; header_2_font_size=&#8221;42px&#8221; header_2_line_height=&#8221;1.2em&#8221; background_layout=&#8221;dark&#8221; width=&#8221;60.3%&#8221; custom_margin=&#8221;-4px||-12px||false|false&#8221; animation_style=&#8221;bounce&#8221; header_2_font_size_tablet=&#8221;30px&#8221; header_2_font_size_phone=&#8221;20px&#8221; header_2_font_size_last_edited=&#8221;on|tablet&#8221; locked=&#8221;off&#8221; inline_fonts=&#8221;Montserrat&#8221;]<\/p>\n<h2 style=\"text-align: left;\"><span style=\"color: #f4ad31;\"><strong><span style=\"font-family: Montserrat;\"><span style=\"color: #888888;\">&lt;VAMOS CONVERSAR<\/span><br \/><span style=\"color: #ffba61;\">SOBRE O SEU MARKETING?&gt;<\/span><\/span><\/strong><\/span><\/h2>\n<p>[\/et_pb_text][et_pb_contact_form captcha=&#8221;off&#8221; email=&#8221;atendimento@agenciabear.com.br&#8221; success_message=&#8221;Mensagem enviada com sucesso!&#8221; submit_button_text=&#8221;Enviar&#8221; module_id=&#8221;formulario&#8221; _builder_version=&#8221;4.9.2&#8243; _module_preset=&#8221;default&#8221; form_field_background_color=&#8221;#FFFFFF&#8221; form_field_text_color=&#8221;#000000&#8243; form_field_font=&#8221;Montserrat|500|||||||&#8221; form_field_font_size=&#8221;14px&#8221; form_field_line_height=&#8221;1.8em&#8221; button_icon=&#8221;%%20%%&#8221; width=&#8221;100%&#8221; max_width=&#8221;510px&#8221; min_height=&#8221;510px&#8221; height=&#8221;100px&#8221; max_height=&#8221;1000px&#8221; custom_margin=&#8221;17px||0px||false|false&#8221; custom_padding=&#8221;||3px||false|false&#8221; form_field_font_size_tablet=&#8221;15px&#8221; form_field_font_size_phone=&#8221;14px&#8221; form_field_font_size_last_edited=&#8221;off|desktop&#8221; button_text_size_tablet=&#8221;16px&#8221; button_text_size_phone=&#8221;14px&#8221; button_text_size_last_edited=&#8221;on|phone&#8221; global_module=&#8221;25471&#8243; saved_tabs=&#8221;all&#8221; locked=&#8221;off&#8221; global_colors_info=&#8221;{%22gcid-4c9f8c69-e62a-4e14-bb32-145422a2042a%22:%91%93,%22gcid-829e0644-2604-442b-87e9-fc4cf40a6edd%22:%91%93,%22gcid-daeb8535-99f8-4a2f-a8d3-70a89c9e4786%22:%91%93}&#8221;][et_pb_contact_field field_id=&#8221;Nome&#8221; field_title=&#8221;Nome&#8221; fullwidth_field=&#8221;on&#8221; _builder_version=&#8221;4.9.2&#8243; form_field_text_color=&#8221;gcid-c215435e-cb96-49d5-a0c6-0e162feb2846&#8243; form_field_font_size=&#8221;14px&#8221; form_field_line_height=&#8221;1em&#8221; width=&#8221;100%&#8221; custom_margin=&#8221;0px||||false|false&#8221; custom_padding=&#8221;1px||||false|false&#8221; global_colors_info=&#8221;{%22gcid-c215435e-cb96-49d5-a0c6-0e162feb2846%22:%91%22form_field_text_color%22%93}&#8221; button_one_text_size__hover_enabled=&#8221;off&#8221; button_two_text_size__hover_enabled=&#8221;off&#8221; button_one_text_color__hover_enabled=&#8221;off&#8221; button_two_text_color__hover_enabled=&#8221;off&#8221; button_one_border_width__hover_enabled=&#8221;off&#8221; button_two_border_width__hover_enabled=&#8221;off&#8221; button_one_border_color__hover_enabled=&#8221;off&#8221; button_two_border_color__hover_enabled=&#8221;off&#8221; button_border_radius__hover_enabled=&#8221;off&#8221; button_one_border_radius__hover_enabled=&#8221;off&#8221; button_two_border_radius__hover_enabled=&#8221;off&#8221; button_letter_spacing__hover_enabled=&#8221;off&#8221; button_one_letter_spacing__hover_enabled=&#8221;off&#8221; button_two_letter_spacing__hover_enabled=&#8221;off&#8221; button_one_bg_color__hover_enabled=&#8221;off&#8221; button_two_bg_color__hover_enabled=&#8221;off&#8221;][\/et_pb_contact_field][et_pb_contact_field field_id=&#8221;Email&#8221; field_title=&#8221;Email &#8221; field_type=&#8221;email&#8221; _builder_version=&#8221;4.9.2&#8243; form_field_text_color=&#8221;gcid-c215435e-cb96-49d5-a0c6-0e162feb2846&#8243; form_field_line_height=&#8221;1em&#8221; global_colors_info=&#8221;{%22gcid-c215435e-cb96-49d5-a0c6-0e162feb2846%22:%91%22form_field_text_color%22%93}&#8221; button_one_text_size__hover_enabled=&#8221;off&#8221; button_two_text_size__hover_enabled=&#8221;off&#8221; button_one_text_color__hover_enabled=&#8221;off&#8221; button_two_text_color__hover_enabled=&#8221;off&#8221; button_one_border_width__hover_enabled=&#8221;off&#8221; button_two_border_width__hover_enabled=&#8221;off&#8221; button_one_border_color__hover_enabled=&#8221;off&#8221; button_two_border_color__hover_enabled=&#8221;off&#8221; button_border_radius__hover_enabled=&#8221;off&#8221; button_one_border_radius__hover_enabled=&#8221;off&#8221; button_two_border_radius__hover_enabled=&#8221;off&#8221; button_letter_spacing__hover_enabled=&#8221;off&#8221; button_one_letter_spacing__hover_enabled=&#8221;off&#8221; button_two_letter_spacing__hover_enabled=&#8221;off&#8221; button_one_bg_color__hover_enabled=&#8221;off&#8221; button_two_bg_color__hover_enabled=&#8221;off&#8221;][\/et_pb_contact_field][et_pb_contact_field field_id=&#8221;Telefone&#8221; field_title=&#8221;Telefone&#8221; _builder_version=&#8221;4.9.2&#8243; form_field_text_color=&#8221;gcid-c215435e-cb96-49d5-a0c6-0e162feb2846&#8243; form_field_line_height=&#8221;1em&#8221; global_colors_info=&#8221;{%22gcid-c215435e-cb96-49d5-a0c6-0e162feb2846%22:%91%22form_field_text_color%22%93}&#8221; button_one_text_size__hover_enabled=&#8221;off&#8221; button_two_text_size__hover_enabled=&#8221;off&#8221; button_one_text_color__hover_enabled=&#8221;off&#8221; button_two_text_color__hover_enabled=&#8221;off&#8221; button_one_border_width__hover_enabled=&#8221;off&#8221; button_two_border_width__hover_enabled=&#8221;off&#8221; button_one_border_color__hover_enabled=&#8221;off&#8221; button_two_border_color__hover_enabled=&#8221;off&#8221; button_border_radius__hover_enabled=&#8221;off&#8221; button_one_border_radius__hover_enabled=&#8221;off&#8221; button_two_border_radius__hover_enabled=&#8221;off&#8221; button_letter_spacing__hover_enabled=&#8221;off&#8221; button_one_letter_spacing__hover_enabled=&#8221;off&#8221; button_two_letter_spacing__hover_enabled=&#8221;off&#8221; button_one_bg_color__hover_enabled=&#8221;off&#8221; button_two_bg_color__hover_enabled=&#8221;off&#8221;][\/et_pb_contact_field][et_pb_contact_field field_id=&#8221;Institui\u00e7\u00e3o_de_Ensino\/Empresa&#8221; field_title=&#8221; Institui\u00e7\u00e3o de Ensino\/Empresa&#8221; fullwidth_field=&#8221;on&#8221; _builder_version=&#8221;4.9.2&#8243; form_field_text_color=&#8221;gcid-c215435e-cb96-49d5-a0c6-0e162feb2846&#8243; form_field_line_height=&#8221;1em&#8221; global_colors_info=&#8221;{%22gcid-c215435e-cb96-49d5-a0c6-0e162feb2846%22:%91%22form_field_text_color%22%93}&#8221; button_one_text_size__hover_enabled=&#8221;off&#8221; button_two_text_size__hover_enabled=&#8221;off&#8221; button_one_text_color__hover_enabled=&#8221;off&#8221; button_two_text_color__hover_enabled=&#8221;off&#8221; button_one_border_width__hover_enabled=&#8221;off&#8221; button_two_border_width__hover_enabled=&#8221;off&#8221; button_one_border_color__hover_enabled=&#8221;off&#8221; button_two_border_color__hover_enabled=&#8221;off&#8221; button_border_radius__hover_enabled=&#8221;off&#8221; button_one_border_radius__hover_enabled=&#8221;off&#8221; button_two_border_radius__hover_enabled=&#8221;off&#8221; button_letter_spacing__hover_enabled=&#8221;off&#8221; button_one_letter_spacing__hover_enabled=&#8221;off&#8221; button_two_letter_spacing__hover_enabled=&#8221;off&#8221; button_one_bg_color__hover_enabled=&#8221;off&#8221; button_two_bg_color__hover_enabled=&#8221;off&#8221;][\/et_pb_contact_field][et_pb_contact_field field_id=&#8221;Selecione_o_assunto&#8221; field_title=&#8221;Selecione o assunto &#8221; field_type=&#8221;select&#8221; select_options=&#8221;%91{%22value%22:%22Campanha%22,%22checked%22:0,%22dragID%22:-1},{%22value%22:%22Digital%22,%22checked%22:0,%22dragID%22:0},{%22value%22:%22Eventos%22,%22checked%22:0,%22dragID%22:1},{%22value%22:%22Web%22,%22checked%22:0,%22dragID%22:2},{%22value%22:%22In%22,%22checked%22:0,%22dragID%22:3},{%22value%22:%22Educa%22,%22checked%22:0,%22dragID%22:4},{%22value%22:%22Bi%22,%22checked%22:0,%22dragID%22:5},{%22value%22:%22Branding %22,%22checked%22:0,%22dragID%22:6},{%22value%22:%22Neuro%22,%22checked%22:0,%22dragID%22:7}%93&#8243; fullwidth_field=&#8221;on&#8221; _builder_version=&#8221;4.9.2&#8243; form_field_text_color=&#8221;gcid-c215435e-cb96-49d5-a0c6-0e162feb2846&#8243; form_field_line_height=&#8221;1em&#8221; global_colors_info=&#8221;{%22gcid-c215435e-cb96-49d5-a0c6-0e162feb2846%22:%91%22form_field_text_color%22%93}&#8221; button_one_text_size__hover_enabled=&#8221;off&#8221; button_two_text_size__hover_enabled=&#8221;off&#8221; button_one_text_color__hover_enabled=&#8221;off&#8221; button_two_text_color__hover_enabled=&#8221;off&#8221; button_one_border_width__hover_enabled=&#8221;off&#8221; button_two_border_width__hover_enabled=&#8221;off&#8221; button_one_border_color__hover_enabled=&#8221;off&#8221; button_two_border_color__hover_enabled=&#8221;off&#8221; button_border_radius__hover_enabled=&#8221;off&#8221; button_one_border_radius__hover_enabled=&#8221;off&#8221; button_two_border_radius__hover_enabled=&#8221;off&#8221; button_letter_spacing__hover_enabled=&#8221;off&#8221; button_one_letter_spacing__hover_enabled=&#8221;off&#8221; button_two_letter_spacing__hover_enabled=&#8221;off&#8221; button_one_bg_color__hover_enabled=&#8221;off&#8221; button_two_bg_color__hover_enabled=&#8221;off&#8221;][\/et_pb_contact_field][et_pb_contact_field field_id=&#8221;Como_podemos_te_ajudar_a_crescer?&#8221; field_title=&#8221;Como podemos te ajudar a crescer?&#8221; field_type=&#8221;text&#8221; fullwidth_field=&#8221;on&#8221; _builder_version=&#8221;4.9.2&#8243; form_field_text_color=&#8221;gcid-c215435e-cb96-49d5-a0c6-0e162feb2846&#8243; form_field_line_height=&#8221;1em&#8221; width=&#8221;100%&#8221; min_height=&#8221;1000px&#8221; global_colors_info=&#8221;{%22gcid-c215435e-cb96-49d5-a0c6-0e162feb2846%22:%91%22form_field_text_color%22%93}&#8221; button_one_text_size__hover_enabled=&#8221;off&#8221; button_two_text_size__hover_enabled=&#8221;off&#8221; button_one_text_color__hover_enabled=&#8221;off&#8221; button_two_text_color__hover_enabled=&#8221;off&#8221; button_one_border_width__hover_enabled=&#8221;off&#8221; button_two_border_width__hover_enabled=&#8221;off&#8221; button_one_border_color__hover_enabled=&#8221;off&#8221; button_two_border_color__hover_enabled=&#8221;off&#8221; button_border_radius__hover_enabled=&#8221;off&#8221; button_one_border_radius__hover_enabled=&#8221;off&#8221; button_two_border_radius__hover_enabled=&#8221;off&#8221; button_letter_spacing__hover_enabled=&#8221;off&#8221; button_one_letter_spacing__hover_enabled=&#8221;off&#8221; button_two_letter_spacing__hover_enabled=&#8221;off&#8221; button_one_bg_color__hover_enabled=&#8221;off&#8221; button_two_bg_color__hover_enabled=&#8221;off&#8221;][\/et_pb_contact_field][et_pb_contact_field field_id=&#8221;Pol\u00edtica_de_Privacidade&#8221; field_title=&#8221;Pol\u00edtica de Privacidade&#8221; field_type=&#8221;checkbox&#8221; checkbox_options=&#8221;%91{%22value%22:%22Li e aceito as Pol\u00edticas de Privacidade%22,%22checked%22:0,%22dragID%22:-1}%93&#8243; fullwidth_field=&#8221;on&#8221; _builder_version=&#8221;4.9.2&#8243; _module_preset=&#8221;default&#8221;][\/et_pb_contact_field][\/et_pb_contact_form][\/et_pb_column][\/et_pb_row][\/et_pb_section]<\/p>\n","protected":false},"excerpt":{"rendered":"<p>&lt;CONHE\u00c7A NOSSOS E-BOOKS&gt;E-book Entregue a melhor comunica\u00e7\u00e3o para seus futuros alunos&lt;VAMOS CONVERSARSOBRE O SEU MARKETING?&gt;<\/p>\n","protected":false},"author":1,"featured_media":0,"parent":27982,"menu_order":0,"comment_status":"closed","ping_status":"closed","template":"","meta":{"_et_pb_use_builder":"on","_et_pb_old_content":"","_et_gb_content_width":"","footnotes":""},"class_list":["post-25658","page","type-page","status-publish","hentry"],"_links":{"self":[{"href":"https:\/\/agenciabear.com.br\/index.php?rest_route=\/wp\/v2\/pages\/25658","targetHints":{"allow":["GET"]}}],"collection":[{"href":"https:\/\/agenciabear.com.br\/index.php?rest_route=\/wp\/v2\/pages"}],"about":[{"href":"https:\/\/agenciabear.com.br\/index.php?rest_route=\/wp\/v2\/types\/page"}],"author":[{"embeddable":true,"href":"https:\/\/agenciabear.com.br\/index.php?rest_route=\/wp\/v2\/users\/1"}],"replies":[{"embeddable":true,"href":"https:\/\/agenciabear.com.br\/index.php?rest_route=%2Fwp%2Fv2%2Fcomments&post=25658"}],"version-history":[{"count":24,"href":"https:\/\/agenciabear.com.br\/index.php?rest_route=\/wp\/v2\/pages\/25658\/revisions"}],"predecessor-version":[{"id":31172,"href":"https:\/\/agenciabear.com.br\/index.php?rest_route=\/wp\/v2\/pages\/25658\/revisions\/31172"}],"up":[{"embeddable":true,"href":"https:\/\/agenciabear.com.br\/index.php?rest_route=\/wp\/v2\/pages\/27982"}],"wp:attachment":[{"href":"https:\/\/agenciabear.com.br\/index.php?rest_route=%2Fwp%2Fv2%2Fmedia&parent=25658"}],"curies":[{"name":"wp","href":"https:\/\/api.w.org\/{rel}","templated":true}]}}